{"id":322,"date":"2025-08-04T13:52:53","date_gmt":"2025-08-04T16:52:53","guid":{"rendered":"https:\/\/www.concertacaoamazonia.com.br\/lp\/?page_id=322"},"modified":"2025-08-04T13:52:53","modified_gmt":"2025-08-04T16:52:53","slug":"historia-da-concertacao","status":"publish","type":"page","link":"https:\/\/www.concertacaoamazonia.com.br\/5anos\/historia-da-concertacao\/","title":{"rendered":"Hist\u00f3ria da concerta\u00e7\u00e3o"},"content":{"rendered":"\t\t<div data-elementor-type=\"wp-page\" data-elementor-id=\"322\" class=\"elementor elementor-322\" data-elementor-post-type=\"page\">\n\t\t\t\t<div class=\"elementor-element elementor-element-6434056 e-con-full e-flex e-con e-parent\" data-id=\"6434056\" data-element_type=\"container\" data-e-type=\"container\" data-settings=\"{&quot;background_background&quot;:&quot;classic&quot;}\">\n\t\t<div class=\"elementor-element elementor-element-cddeeb6 e-flex e-con-boxed e-con e-child\" data-id=\"cddeeb6\" data-element_type=\"container\" data-e-type=\"container\" data-settings=\"{&quot;background_background&quot;:&quot;classic&quot;}\">\n\t\t\t\t\t<div class=\"e-con-inner\">\n\t\t\t\t\t<\/div>\n\t\t\t\t<\/div>\n\t\t\t\t<\/div>\n\t\t<div class=\"elementor-element elementor-element-8db8f02 e-flex e-con-boxed e-con e-parent\" data-id=\"8db8f02\" data-element_type=\"container\" data-e-type=\"container\">\n\t\t\t\t\t<div class=\"e-con-inner\">\n\t\t\t\t<div class=\"elementor-element elementor-element-a266a6f elementor-widget elementor-widget-heading\" data-id=\"a266a6f\" data-element_type=\"widget\" data-e-type=\"widget\" data-widget_type=\"heading.default\">\n\t\t\t\t\t<h2 class=\"elementor-heading-title elementor-size-default\">Uma Concerta\u00e7\u00e3o pela Amaz\u00f4nia completa cinco anos como refer\u00eancia na articula\u00e7\u00e3o de propostas para o desenvolvimento das Amaz\u00f4nias<\/h2>\t\t\t\t<\/div>\n\t\t\t\t<div class=\"elementor-element elementor-element-1cddfe6 elementor-widget elementor-widget-text-editor\" data-id=\"1cddfe6\" data-element_type=\"widget\" data-e-type=\"widget\" data-widget_type=\"text-editor.default\">\n\t\t\t\t\t\t\t\t\t<p style=\"text-align: center;\"><em><span style=\"font-weight: 400;\">Rede multissetorial avan\u00e7a com agenda integradora que conecta a\u00e7\u00f5es de sa\u00fade, educa\u00e7\u00e3o, seguran\u00e7a, regulariza\u00e7\u00e3o fundi\u00e1ria e bioeconomia<\/span><\/em><\/p>\n<p><span style=\"font-weight: 400;\">Em meio a um contexto global de emerg\u00eancia clim\u00e1tica e busca por novos modelos de desenvolvimento sustent\u00e1vel, a rede Uma Concerta\u00e7\u00e3o pela Amaz\u00f4nia celebra cinco anos de atua\u00e7\u00e3o como um dos principais espa\u00e7os de articula\u00e7\u00e3o multissetorial voltados \u00e0 regi\u00e3o amaz\u00f4nica. Criada em 2020, a Concerta\u00e7\u00e3o \u00e9 hoje uma organiza\u00e7\u00e3o consolidada, formada por mais de 1300 pessoas, entre lideran\u00e7as da sociedade civil, setor privado, academia, setor p\u00fablico e representantes de comunidades da floresta, comprometidas com a constru\u00e7\u00e3o de um futuro que alie conserva\u00e7\u00e3o, justi\u00e7a social e prosperidade para os 30 milh\u00f5es de habitantes da Amaz\u00f4nia Legal.<\/span><\/p>\n<p><span style=\"font-weight: 400;\">Com uma abordagem integradora, sist\u00eamica e baseada no conhecimento, a Concerta\u00e7\u00e3o se consolidou como um espa\u00e7o permanente de di\u00e1logo e proposi\u00e7\u00e3o de iniciativas estruturantes para esse territ\u00f3rio. \u201cA Concerta\u00e7\u00e3o surgiu da necessidade de construir pontes entre diferentes vis\u00f5es e setores, reconhecendo a diversidade da Amaz\u00f4nia e propondo caminhos vi\u00e1veis e respeitosos para seu futuro\u201d, destaca L\u00edvia Pagotto, secret\u00e1ria-executiva da rede.<\/span><\/p>\n<p><span style=\"font-weight: 400;\">Sua atua\u00e7\u00e3o \u00e9 organizada por meio de um n\u00facleo de governan\u00e7a formado por 28 lideran\u00e7as empresariais, ind\u00edgenas, da filantropia e da academia &#8211; entre elas, a ex-ministra do Meio Ambiente Izabella Teixeira, o empres\u00e1rio Denis Minev, a ativista ambiental Vanda Witoto e o pesquisador Beto Ver\u00edssimo, co-fundador do Imazon &#8211; e por Grupos de Trabalho que re\u00fanem mais de 500 especialistas orientados para a implementa\u00e7\u00e3o de a\u00e7\u00f5es concretas em \u00e1reas como bioeconomia, educa\u00e7\u00e3o, cultura, sa\u00fade, seguran\u00e7a, juventudes e regulariza\u00e7\u00e3o fundi\u00e1ria.&nbsp;&nbsp;<\/span><\/p>\n<p><b>Conhecimento que gera impacto<\/b><\/p>\n<p><span style=\"font-weight: 400;\">Desde sua cria\u00e7\u00e3o, a Concerta\u00e7\u00e3o vem reunindo, sistematizando e compartilhando conhecimento por meio de publica\u00e7\u00f5es que orientam decis\u00f5es e inspiram pol\u00edticas p\u00fablicas. Sua primeira publica\u00e7\u00e3o, \u201c<\/span><a href=\"https:\/\/s3.amazonaws.com\/concertacaoamazonia.com.br\/Uma+agenda+pelo+Desenvolvimento+da+Amazonia.pdf\"><span style=\"font-weight: 400;\">Uma Agenda pelo Desenvolvimento da Amaz\u00f4nia\u201d (2021)<\/span><\/a><span style=\"font-weight: 400;\">, prop\u00f5e a\u00e7\u00f5es concretas para o desenvolvimento sustent\u00e1vel da regi\u00e3o.<\/span><\/p>\n<p><span style=\"font-weight: 400;\">Em 2022, foi lan\u00e7ado o documento<\/span><a href=\"https:\/\/concertacaoamazonia.com.br\/100-dias\/\"><span style=\"font-weight: 400;\"> \u201c100 primeiros dias de governo: propostas para uma agenda integrada das Amaz\u00f4nias\u201d<\/span><\/a><span style=\"font-weight: 400;\">, com 14 propostas e atos normativos direcionados aos novos mandatos que tomaram posse em janeiro de 2023, a n\u00edvel federal, estadual e no Congresso Nacional. J\u00e1 em 2023 e 2024 foram publicadas as \u201c<\/span><a href=\"https:\/\/concertacaoamazonia.com.br\/wp-content\/uploads\/2023\/08\/Agenda-Integradora-PTWEB-AF.pdf\"><span style=\"font-weight: 400;\">Propostas para as Amaz\u00f4nias: uma abordagem integradora<\/span><\/a><span style=\"font-weight: 400;\"> &#8211; Partes 1 e 2\u201d, com recomenda\u00e7\u00f5es integradas que conectam vari\u00e1veis pol\u00edtico-econ\u00f4mico-socioambientais, reconhecendo a diversidade de realidades e necessidades do territ\u00f3rio.&nbsp;<\/span><\/p>\n<p><span style=\"font-weight: 400;\">Para acolher a complexidade e diversidade da Amaz\u00f4nia, a iniciativa tem avan\u00e7ado na consolida\u00e7\u00e3o do conhecimento existente em temas como Povos Ind\u00edgenas, Quilombolas e Comunidades Tradicionais; Ci\u00eancia, Tecnologia e Inova\u00e7\u00e3o para as Bioeconomias; Biodiversidade; e Bioeconomia Ind\u00edgena. Sempre em articula\u00e7\u00e3o com especialistas, lideran\u00e7as locais e organiza\u00e7\u00f5es parceiras, esse mergulho j\u00e1 resultou no lan\u00e7amento de 7 cadernos tem\u00e1ticos.&nbsp;<\/span><\/p>\n<p><b>Perspectiva bioecon\u00f4mica ind\u00edgena<\/b><\/p>\n<p><span style=\"font-weight: 400;\">Tema do maior Grupo de Trabalho da rede, a bioeconomia vem recebendo cada vez mais aten\u00e7\u00e3o. Em 2024, em parceria com os antrop\u00f3logos Braulina Baniwa e Francisco Apurin\u00e3 e a WRI Brasil, a Concerta\u00e7\u00e3o lan\u00e7ou <\/span><a href=\"https:\/\/concertacaoamazonia.com.br\/estudos\/bioeconomia-indigena\/\"><span style=\"font-weight: 400;\">um estudo que traz a perspectiva ind\u00edgena sobre o tema<\/span><\/a><span style=\"font-weight: 400;\">. O trabalho ressalta a import\u00e2ncia da cosmovis\u00e3o, do bem viver e de conhecimentos, pr\u00e1ticas e tecnologias sociais e traz elementos essenciais para o debate sobre pol\u00edticas p\u00fablicas como a Pol\u00edtica Nacional de Bioeconomia, o Plano de Transforma\u00e7\u00e3o Ecol\u00f3gica e a Pol\u00edtica Nacional de Gest\u00e3o Territorial e Ambiental de Terras Ind\u00edgenas.<\/span><\/p>\n<p><span style=\"font-weight: 400;\">Neste ano, a rede deu mais um passo nesse campo ao publicar um levantamento in\u00e9dito que investiga o ecossistema de financiamento \u00e0 bioeconomia. O estudo traz recomenda\u00e7\u00f5es para destravar o setor na Amaz\u00f4nia e identifica 159 mecanismos financeiros operados por 111 institui\u00e7\u00f5es, sendo que apenas 23% s\u00e3o voltados exclusivamente para iniciativas do setor &#8211; dado que refor\u00e7a a necessidade de expans\u00e3o de instrumentos adequados e acess\u00edveis.&nbsp;<\/span><\/p>\n<p><b>Iniciativas estruturantes e educa\u00e7\u00e3o amaz\u00f4nica&nbsp;<\/b><\/p>\n<p><span style=\"font-weight: 400;\">A partir de 2023, a Concerta\u00e7\u00e3o passou a mobilizar <\/span><a href=\"https:\/\/concertacaoamazonia.com.br\/atuacao\/iniciativas-estruturantes\/\"><span style=\"font-weight: 400;\">iniciativas estruturantes<\/span><\/a><span style=\"font-weight: 400;\">, com foco em impacto concreto, mensur\u00e1vel e de longo prazo nos territ\u00f3rios. Essas a\u00e7\u00f5es buscam promover a transforma\u00e7\u00e3o real da realidade amaz\u00f4nica a partir da articula\u00e7\u00e3o entre diferentes setores e atores locais.<\/span><\/p>\n<p><span style=\"font-weight: 400;\">A cultura \u00e9 tratada como um eixo transversal na atua\u00e7\u00e3o da Concerta\u00e7\u00e3o, sendo uma forma essencial de aproximar as Amaz\u00f4nias do restante do pa\u00eds e gerar empatia com os modos de vida do territ\u00f3rio. Desde sua funda\u00e7\u00e3o, a dimens\u00e3o cultural do desenvolvimento \u00e9 promovida pela frente de Cultura da Concerta\u00e7\u00e3o, respons\u00e1vel por iniciativas como a exposi\u00e7\u00e3o <\/span><a href=\"https:\/\/concertacaoamazonia.com.br\/exposicao-cores-do-futuro\/\"><span style=\"font-weight: 400;\">Cores do Futuro<\/span><\/a><span style=\"font-weight: 400;\">, o mapeamento colaborativo <\/span><a href=\"https:\/\/concertacaoamazonia.com.br\/cultura\/atlas-cultural-das-amazonias\/\"><span style=\"font-weight: 400;\">Atlas Cultural das Amaz\u00f4nias<\/span><\/a><span style=\"font-weight: 400;\"> e a curadoria de conte\u00fados que conectam express\u00e3o art\u00edstica, identidade e sustentabilidade.<\/span><\/p>\n<p><span style=\"font-weight: 400;\">O <\/span><a href=\"https:\/\/itinerariosamazonicos.org.br\/\"><span style=\"font-weight: 400;\">Itiner\u00e1rios Amaz\u00f4nicos<\/span><\/a><span style=\"font-weight: 400;\"> \u00e9 um programa educacional voltado \u00e0 forma\u00e7\u00e3o de professores e \u00e0 cria\u00e7\u00e3o de conte\u00fados curriculares conectados \u00e0s realidades da Amaz\u00f4nia para o Ensino M\u00e9dio, em colabora\u00e7\u00e3o com jovens, educadores, especialistas e redes de ensino da Amaz\u00f4nia Legal. A iniciativa \u00e9 uma realiza\u00e7\u00e3o do Instituto iungo, Re\u00fana e Uma Concerta\u00e7\u00e3o pela Amaz\u00f4nia, em parceria com o BNDES, Fundo de Sustentabilidade Hydro, Instituto Arapya\u00fa, Movimento Bem Maior, com patroc\u00ednio da Vale.&nbsp;<\/span><\/p>\n<p><span style=\"font-weight: 400;\">Reconhecida por sua atua\u00e7\u00e3o em espa\u00e7os de di\u00e1logo e articula\u00e7\u00e3o multissetorial, a organiza\u00e7\u00e3o promove e participa de encontros estrat\u00e9gicos para o avan\u00e7o da agenda de clima e desenvolvimento. Em cinco anos, a Concerta\u00e7\u00e3o realizou 52 plen\u00e1rias, webin\u00e1rios e encontros \u2014com destaque para as Notas Amaz\u00f4nicas, uma parceria com a revista P\u00e1gina22, encontros online que tem o objetivo de aproximar as realidades das v\u00e1rias Amaz\u00f4nias e identificar caminhos para o desenvolvimento da regi\u00e3o\u2014,&nbsp; al\u00e9m de ter participado&nbsp; de 277 eventos.&nbsp;<\/span><\/p>\n<p><span style=\"font-weight: 400;\">A rede tamb\u00e9m \u00e9 uma&nbsp; das realizadoras do F\u00f3rum de Finan\u00e7as Clim\u00e1ticas e de Natureza, um dos principais espa\u00e7os de debate sobre investimentos sustent\u00e1veis no pa\u00eds, e, nos \u00faltimos anos, esteve presente em eventos internacionais de grande relev\u00e2ncia, como as COPs do clima, al\u00e9m das Climate Weeks de Nova Iorque e Londres, colocando as Amaz\u00f4nias na pauta global.<\/span><\/p>\n<p><span style=\"font-weight: 400;\">Para L\u00edvia Pagotto, a Concerta\u00e7\u00e3o chega aos cinco anos com uma base s\u00f3lida de conhecimento, articula\u00e7\u00e3o e a\u00e7\u00e3o concreta. \u201cO que constru\u00edmos at\u00e9 aqui \u00e9 fruto de uma escuta ativa, de respeito \u00e0 diversidade e de um profundo compromisso com o bem-estar dos povos da floresta e com a integridade ecol\u00f3gica das Amaz\u00f4nias\u201d, afirma.&nbsp;<\/span><\/p>\n<p><span style=\"font-weight: 400;\">A Concerta\u00e7\u00e3o inicia agora um novo ciclo, voltado \u00e0 consolida\u00e7\u00e3o institucional da rede, \u00e0 amplia\u00e7\u00e3o das iniciativas estruturantes e ao fortalecimento de parcerias com organiza\u00e7\u00f5es amaz\u00f4nicas e do restante do Brasil. O objetivo segue sendo o mesmo desde o in\u00edcio: construir pontes e propor solu\u00e7\u00f5es para que a Amaz\u00f4nia continue viva, diversa e pr\u00f3spera para as pr\u00f3ximas gera\u00e7\u00f5es.<\/span><\/p><p><span style=\"font-weight: 400;\"><br><\/span><\/p>\n<p style=\"text-align: center;\"><b>Acesse as publica\u00e7\u00f5es, conhe\u00e7a os projetos e junte-se \u00e0 rede em<\/b><span style=\"font-weight: 400;\">:<\/span> <strong><a href=\"https:\/\/concertacaoamazonia.com.br\">https:\/\/concertacaoamazonia.com.br<\/a><\/strong><\/p>\t\t\t\t\t\t\t\t<\/div>\n\t\t\t\t\t<\/div>\n\t\t\t\t<\/div>\n\t\t\t\t<\/div>\n\t\t","protected":false},"excerpt":{"rendered":"<p>Uma Concerta\u00e7\u00e3o pela Amaz\u00f4nia completa cinco anos como refer\u00eancia na articula\u00e7\u00e3o de propostas para o desenvolvimento das Amaz\u00f4nias Rede multissetorial avan\u00e7a com agenda integradora que conecta a\u00e7\u00f5es de sa\u00fade, educa\u00e7\u00e3o, seguran\u00e7a, regulariza\u00e7\u00e3o fundi\u00e1ria e bioeconomia Em meio a um contexto global de emerg\u00eancia clim\u00e1tica e busca por novos modelos de desenvolvimento sustent\u00e1vel, a rede Uma [&hellip;]<\/p>\n","protected":false},"author":2,"featured_media":167,"parent":0,"menu_order":0,"comment_status":"closed","ping_status":"closed","template":"elementor_header_footer","meta":{"footnotes":""},"class_list":["post-322","page","type-page","status-publish","has-post-thumbnail","hentry"],"_links":{"self":[{"href":"https:\/\/www.concertacaoamazonia.com.br\/5anos\/wp-json\/wp\/v2\/pages\/322","targetHints":{"allow":["GET"]}}],"collection":[{"href":"https:\/\/www.concertacaoamazonia.com.br\/5anos\/wp-json\/wp\/v2\/pages"}],"about":[{"href":"https:\/\/www.concertacaoamazonia.com.br\/5anos\/wp-json\/wp\/v2\/types\/page"}],"author":[{"embeddable":true,"href":"https:\/\/www.concertacaoamazonia.com.br\/5anos\/wp-json\/wp\/v2\/users\/2"}],"replies":[{"embeddable":true,"href":"https:\/\/www.concertacaoamazonia.com.br\/5anos\/wp-json\/wp\/v2\/comments?post=322"}],"version-history":[{"count":0,"href":"https:\/\/www.concertacaoamazonia.com.br\/5anos\/wp-json\/wp\/v2\/pages\/322\/revisions"}],"wp:featuredmedia":[{"embeddable":true,"href":"https:\/\/www.concertacaoamazonia.com.br\/5anos\/wp-json\/"}],"wp:attachment":[{"href":"https:\/\/www.concertacaoamazonia.com.br\/5anos\/wp-json\/wp\/v2\/media?parent=322"}],"curies":[{"name":"wp","href":"https:\/\/api.w.org\/{rel}","templated":true}]}}